{"id":25284,"date":"2025-04-11T09:22:38","date_gmt":"2025-04-11T07:22:38","guid":{"rendered":"https:\/\/53c9-6717f64cb801.wptiger.fr\/?post_type=product&#038;p=25284"},"modified":"2026-04-27T11:22:26","modified_gmt":"2026-04-27T09:22:26","slug":"intemporelles-ecoles-hotelieres-francaises","status":"publish","type":"product","link":"https:\/\/www.leseditionsvolney.fr\/?product=intemporelles-ecoles-hotelieres-francaises","title":{"rendered":"Publications en pr\u00e9paration 2027"},"content":{"rendered":"<p>[et_pb_section fb_built=\u00a0\u00bb1&Prime; _builder_version=\u00a0\u00bb4.16&Prime; custom_padding=\u00a0\u00bb0px||||false|false\u00a0\u00bb global_colors_info=\u00a0\u00bb{}\u00a0\u00bb][et_pb_row _builder_version=\u00a0\u00bb4.16&Prime; background_size=\u00a0\u00bbinitial\u00a0\u00bb background_position=\u00a0\u00bbtop_left\u00a0\u00bb background_repeat=\u00a0\u00bbrepeat\u00a0\u00bb width=\u00a0\u00bb100%\u00a0\u00bb custom_padding=\u00a0\u00bb0px||0px||false|false\u00a0\u00bb global_colors_info=\u00a0\u00bb{}\u00a0\u00bb][et_pb_column type=\u00a0\u00bb4_4&Prime; _builder_version=\u00a0\u00bb4.16&Prime; custom_padding=\u00a0\u00bb|||\u00a0\u00bb global_colors_info=\u00a0\u00bb{}\u00a0\u00bb custom_padding__hover=\u00a0\u00bb|||\u00a0\u00bb][et_pb_wc_breadcrumb _builder_version=\u00a0\u00bb4.16&Prime; global_colors_info=\u00a0\u00bb{}\u00a0\u00bb][\/et_pb_wc_breadcrumb][et_pb_wc_cart_notice _builder_version=\u00a0\u00bb4.16&Prime; global_colors_info=\u00a0\u00bb{}\u00a0\u00bb][\/et_pb_wc_cart_notice][\/et_pb_column][\/et_pb_row][et_pb_row column_structure=\u00a0\u00bb1_2,1_2&Prime; _builder_version=\u00a0\u00bb4.16&Prime; background_size=\u00a0\u00bbinitial\u00a0\u00bb background_position=\u00a0\u00bbtop_left\u00a0\u00bb background_repeat=\u00a0\u00bbrepeat\u00a0\u00bb width=\u00a0\u00bb100%\u00a0\u00bb custom_padding=\u00a0\u00bb0px||||false|false\u00a0\u00bb global_colors_info=\u00a0\u00bb{}\u00a0\u00bb][et_pb_column type=\u00a0\u00bb1_2&Prime; _builder_version=\u00a0\u00bb4.16&Prime; custom_padding=\u00a0\u00bb|||\u00a0\u00bb global_colors_info=\u00a0\u00bb{}\u00a0\u00bb custom_padding__hover=\u00a0\u00bb|||\u00a0\u00bb][et_pb_wc_images _builder_version=\u00a0\u00bb4.16&Prime; global_colors_info=\u00a0\u00bb{}\u00a0\u00bb][\/et_pb_wc_images][\/et_pb_column][et_pb_column type=\u00a0\u00bb1_2&Prime; _builder_version=\u00a0\u00bb4.16&Prime; custom_padding=\u00a0\u00bb|||\u00a0\u00bb global_colors_info=\u00a0\u00bb{}\u00a0\u00bb custom_padding__hover=\u00a0\u00bb|||\u00a0\u00bb][et_pb_wc_title _builder_version=\u00a0\u00bb4.16&Prime; global_colors_info=\u00a0\u00bb{}\u00a0\u00bb][\/et_pb_wc_title][et_pb_wc_rating _builder_version=\u00a0\u00bb4.16&Prime; global_colors_info=\u00a0\u00bb{}\u00a0\u00bb][\/et_pb_wc_rating][et_pb_wc_price _builder_version=\u00a0\u00bb4.16&Prime; global_colors_info=\u00a0\u00bb{}\u00a0\u00bb][\/et_pb_wc_price][et_pb_wc_description _builder_version=\u00a0\u00bb4.16&Prime; global_colors_info=\u00a0\u00bb{}\u00a0\u00bb][\/et_pb_wc_description][et_pb_wc_add_to_cart _builder_version=\u00a0\u00bb4.16&Prime; global_colors_info=\u00a0\u00bb{}\u00a0\u00bb][\/et_pb_wc_add_to_cart][et_pb_wc_meta _builder_version=\u00a0\u00bb4.27.4&Prime; body_text_color=\u00a0\u00bb#001e5e\u00a0\u00bb global_colors_info=\u00a0\u00bb{}\u00a0\u00bb][\/et_pb_wc_meta][\/et_pb_column][\/et_pb_row][et_pb_row _builder_version=\u00a0\u00bb4.16&Prime; background_size=\u00a0\u00bbinitial\u00a0\u00bb background_position=\u00a0\u00bbtop_left\u00a0\u00bb background_repeat=\u00a0\u00bbrepeat\u00a0\u00bb width=\u00a0\u00bb100%\u00a0\u00bb global_colors_info=\u00a0\u00bb{}\u00a0\u00bb][et_pb_column type=\u00a0\u00bb4_4&Prime; _builder_version=\u00a0\u00bb4.16&Prime; custom_padding=\u00a0\u00bb|||\u00a0\u00bb global_colors_info=\u00a0\u00bb{}\u00a0\u00bb custom_padding__hover=\u00a0\u00bb|||\u00a0\u00bb][et_pb_wc_tabs _builder_version=\u00a0\u00bb4.16&Prime; global_colors_info=\u00a0\u00bb{}\u00a0\u00bb]\t\t\t\t\t[\/et_pb_wc_tabs][et_pb_wc_upsells _builder_version=\u00a0\u00bb4.16&Prime; global_colors_info=\u00a0\u00bb{}\u00a0\u00bb][\/et_pb_wc_upsells][et_pb_wc_related_products _builder_version=\u00a0\u00bb4.16&Prime; global_colors_info=\u00a0\u00bb{}\u00a0\u00bb][\/et_pb_wc_related_products][\/et_pb_column][\/et_pb_row][\/et_pb_section]<\/p>\n","protected":false},"excerpt":{"rendered":"","protected":false},"featured_media":25285,"comment_status":"closed","ping_status":"closed","template":"","meta":{"_et_pb_use_builder":"on","_et_pb_old_content":"D\u00e9couvrez l\u2019Histoire de 10 Ecoles H\u00f4teli\u00e8res Fran\u00e7aises, s\u00e9culaires pour certaines, qui auront form\u00e9 des milliers de jeunes personnes dans une exigence d\u2019excellence et de respect d\u2019Art de Vivre \u00e0 la Fran\u00e7aise.\r\n\r\nInterviews des Directrices et Directeurs en place, des Professeurs embl\u00e9matiques, des photos d\u2019archives, des anecdotes, portraits et interviews des Chefs iconiques pass\u00e9s par ces Ecoles, r\u00e9cits d\u2019Anciens \u00e9l\u00e8ves \u2026et bien d\u2019autres surprises encore.","_et_gb_content_width":""},"product_brand":[],"product_cat":[25],"product_tag":[],"class_list":{"0":"post-25284","1":"product","2":"type-product","3":"status-publish","4":"has-post-thumbnail","6":"product_cat-publications-en-preparation-2026-2027","8":"first","9":"instock","10":"shipping-taxable","11":"product-type-simple"},"yoast_head":"<!-- This site is optimized with the Yoast SEO plugin v27.5 - https:\/\/yoast.com\/product\/yoast-seo-wordpress\/ -->\n<title>Publications en pr\u00e9paration 2027 - Les \u00e9ditions Volney<\/title>\n<meta name=\"robots\" content=\"index, follow, max-snippet:-1, max-image-preview:large, max-video-preview:-1\" \/>\n<link rel=\"canonical\" href=\"https:\/\/www.leseditionsvolney.fr\/?product=intemporelles-ecoles-hotelieres-francaises\" \/>\n<meta property=\"og:locale\" content=\"fr_FR\" \/>\n<meta property=\"og:type\" content=\"article\" \/>\n<meta property=\"og:title\" content=\"Publications en pr\u00e9paration 2027 - Les \u00e9ditions Volney\" \/>\n<meta property=\"og:url\" content=\"https:\/\/www.leseditionsvolney.fr\/?product=intemporelles-ecoles-hotelieres-francaises\" \/>\n<meta property=\"og:site_name\" content=\"Les \u00e9ditions Volney\" \/>\n<meta property=\"article:publisher\" content=\"https:\/\/www.facebook.com\/share\/g\/12Jf5cBcG2y\/\" \/>\n<meta property=\"article:modified_time\" content=\"2026-04-27T09:22:26+00:00\" \/>\n<meta property=\"og:image\" content=\"https:\/\/www.leseditionsvolney.fr\/wp-content\/uploads\/2025\/04\/Couverture-IEHF-Edition-2026.jpg\" \/>\n\t<meta property=\"og:image:width\" content=\"1280\" \/>\n\t<meta property=\"og:image:height\" content=\"1810\" \/>\n\t<meta property=\"og:image:type\" content=\"image\/jpeg\" \/>\n<meta name=\"twitter:card\" content=\"summary_large_image\" \/>\n<meta name=\"twitter:label1\" content=\"Dur\u00e9e de lecture estim\u00e9e\" \/>\n\t<meta name=\"twitter:data1\" content=\"1 minute\" \/>\n<script type=\"application\/ld+json\" class=\"yoast-schema-graph\">{\"@context\":\"https:\\\/\\\/schema.org\",\"@graph\":[{\"@type\":\"WebPage\",\"@id\":\"https:\\\/\\\/www.leseditionsvolney.fr\\\/?product=intemporelles-ecoles-hotelieres-francaises\",\"url\":\"https:\\\/\\\/www.leseditionsvolney.fr\\\/?product=intemporelles-ecoles-hotelieres-francaises\",\"name\":\"Publications en pr\u00e9paration 2027 - Les \u00e9ditions Volney\",\"isPartOf\":{\"@id\":\"https:\\\/\\\/www.leseditionsvolney.fr\\\/#website\"},\"primaryImageOfPage\":{\"@id\":\"https:\\\/\\\/www.leseditionsvolney.fr\\\/?product=intemporelles-ecoles-hotelieres-francaises#primaryimage\"},\"image\":{\"@id\":\"https:\\\/\\\/www.leseditionsvolney.fr\\\/?product=intemporelles-ecoles-hotelieres-francaises#primaryimage\"},\"thumbnailUrl\":\"https:\\\/\\\/www.leseditionsvolney.fr\\\/wp-content\\\/uploads\\\/2025\\\/04\\\/Couverture-IEHF-Edition-2026.jpg\",\"datePublished\":\"2025-04-11T07:22:38+00:00\",\"dateModified\":\"2026-04-27T09:22:26+00:00\",\"breadcrumb\":{\"@id\":\"https:\\\/\\\/www.leseditionsvolney.fr\\\/?product=intemporelles-ecoles-hotelieres-francaises#breadcrumb\"},\"inLanguage\":\"fr-FR\",\"potentialAction\":[{\"@type\":\"ReadAction\",\"target\":[\"https:\\\/\\\/www.leseditionsvolney.fr\\\/?product=intemporelles-ecoles-hotelieres-francaises\"]}]},{\"@type\":\"ImageObject\",\"inLanguage\":\"fr-FR\",\"@id\":\"https:\\\/\\\/www.leseditionsvolney.fr\\\/?product=intemporelles-ecoles-hotelieres-francaises#primaryimage\",\"url\":\"https:\\\/\\\/www.leseditionsvolney.fr\\\/wp-content\\\/uploads\\\/2025\\\/04\\\/Couverture-IEHF-Edition-2026.jpg\",\"contentUrl\":\"https:\\\/\\\/www.leseditionsvolney.fr\\\/wp-content\\\/uploads\\\/2025\\\/04\\\/Couverture-IEHF-Edition-2026.jpg\",\"width\":1280,\"height\":1810},{\"@type\":\"BreadcrumbList\",\"@id\":\"https:\\\/\\\/www.leseditionsvolney.fr\\\/?product=intemporelles-ecoles-hotelieres-francaises#breadcrumb\",\"itemListElement\":[{\"@type\":\"ListItem\",\"position\":1,\"name\":\"Accueil\",\"item\":\"https:\\\/\\\/www.leseditionsvolney.fr\\\/\"},{\"@type\":\"ListItem\",\"position\":2,\"name\":\"Collection\",\"item\":\"https:\\\/\\\/www.leseditionsvolney.fr\\\/?page_id=24925\"},{\"@type\":\"ListItem\",\"position\":3,\"name\":\"Publications en pr\u00e9paration 2027\"}]},{\"@type\":\"WebSite\",\"@id\":\"https:\\\/\\\/www.leseditionsvolney.fr\\\/#website\",\"url\":\"https:\\\/\\\/www.leseditionsvolney.fr\\\/\",\"name\":\"Les \u00e9ditions Volney\",\"description\":\"Les beaux livres &quot;cousu-main&quot; qui font du bien\",\"publisher\":{\"@id\":\"https:\\\/\\\/www.leseditionsvolney.fr\\\/#organization\"},\"potentialAction\":[{\"@type\":\"SearchAction\",\"target\":{\"@type\":\"EntryPoint\",\"urlTemplate\":\"https:\\\/\\\/www.leseditionsvolney.fr\\\/?s={search_term_string}\"},\"query-input\":{\"@type\":\"PropertyValueSpecification\",\"valueRequired\":true,\"valueName\":\"search_term_string\"}}],\"inLanguage\":\"fr-FR\"},{\"@type\":\"Organization\",\"@id\":\"https:\\\/\\\/www.leseditionsvolney.fr\\\/#organization\",\"name\":\"Les \u00e9ditions Volney\",\"url\":\"https:\\\/\\\/www.leseditionsvolney.fr\\\/\",\"logo\":{\"@type\":\"ImageObject\",\"inLanguage\":\"fr-FR\",\"@id\":\"https:\\\/\\\/www.leseditionsvolney.fr\\\/#\\\/schema\\\/logo\\\/image\\\/\",\"url\":\"https:\\\/\\\/www.leseditionsvolney.fr\\\/wp-content\\\/uploads\\\/2025\\\/05\\\/logo_250x250.png\",\"contentUrl\":\"https:\\\/\\\/www.leseditionsvolney.fr\\\/wp-content\\\/uploads\\\/2025\\\/05\\\/logo_250x250.png\",\"width\":250,\"height\":250,\"caption\":\"Les \u00e9ditions Volney\"},\"image\":{\"@id\":\"https:\\\/\\\/www.leseditionsvolney.fr\\\/#\\\/schema\\\/logo\\\/image\\\/\"},\"sameAs\":[\"https:\\\/\\\/www.facebook.com\\\/share\\\/g\\\/12Jf5cBcG2y\\\/\"]}]}<\/script>\n<!-- \/ Yoast SEO plugin. -->","yoast_head_json":{"title":"Publications en pr\u00e9paration 2027 - Les \u00e9ditions Volney","robots":{"index":"index","follow":"follow","max-snippet":"max-snippet:-1","max-image-preview":"max-image-preview:large","max-video-preview":"max-video-preview:-1"},"canonical":"https:\/\/www.leseditionsvolney.fr\/?product=intemporelles-ecoles-hotelieres-francaises","og_locale":"fr_FR","og_type":"article","og_title":"Publications en pr\u00e9paration 2027 - Les \u00e9ditions Volney","og_url":"https:\/\/www.leseditionsvolney.fr\/?product=intemporelles-ecoles-hotelieres-francaises","og_site_name":"Les \u00e9ditions Volney","article_publisher":"https:\/\/www.facebook.com\/share\/g\/12Jf5cBcG2y\/","article_modified_time":"2026-04-27T09:22:26+00:00","og_image":[{"width":1280,"height":1810,"url":"https:\/\/www.leseditionsvolney.fr\/wp-content\/uploads\/2025\/04\/Couverture-IEHF-Edition-2026.jpg","type":"image\/jpeg"}],"twitter_card":"summary_large_image","twitter_misc":{"Dur\u00e9e de lecture estim\u00e9e":"1 minute"},"schema":{"@context":"https:\/\/schema.org","@graph":[{"@type":"WebPage","@id":"https:\/\/www.leseditionsvolney.fr\/?product=intemporelles-ecoles-hotelieres-francaises","url":"https:\/\/www.leseditionsvolney.fr\/?product=intemporelles-ecoles-hotelieres-francaises","name":"Publications en pr\u00e9paration 2027 - Les \u00e9ditions Volney","isPartOf":{"@id":"https:\/\/www.leseditionsvolney.fr\/#website"},"primaryImageOfPage":{"@id":"https:\/\/www.leseditionsvolney.fr\/?product=intemporelles-ecoles-hotelieres-francaises#primaryimage"},"image":{"@id":"https:\/\/www.leseditionsvolney.fr\/?product=intemporelles-ecoles-hotelieres-francaises#primaryimage"},"thumbnailUrl":"https:\/\/www.leseditionsvolney.fr\/wp-content\/uploads\/2025\/04\/Couverture-IEHF-Edition-2026.jpg","datePublished":"2025-04-11T07:22:38+00:00","dateModified":"2026-04-27T09:22:26+00:00","breadcrumb":{"@id":"https:\/\/www.leseditionsvolney.fr\/?product=intemporelles-ecoles-hotelieres-francaises#breadcrumb"},"inLanguage":"fr-FR","potentialAction":[{"@type":"ReadAction","target":["https:\/\/www.leseditionsvolney.fr\/?product=intemporelles-ecoles-hotelieres-francaises"]}]},{"@type":"ImageObject","inLanguage":"fr-FR","@id":"https:\/\/www.leseditionsvolney.fr\/?product=intemporelles-ecoles-hotelieres-francaises#primaryimage","url":"https:\/\/www.leseditionsvolney.fr\/wp-content\/uploads\/2025\/04\/Couverture-IEHF-Edition-2026.jpg","contentUrl":"https:\/\/www.leseditionsvolney.fr\/wp-content\/uploads\/2025\/04\/Couverture-IEHF-Edition-2026.jpg","width":1280,"height":1810},{"@type":"BreadcrumbList","@id":"https:\/\/www.leseditionsvolney.fr\/?product=intemporelles-ecoles-hotelieres-francaises#breadcrumb","itemListElement":[{"@type":"ListItem","position":1,"name":"Accueil","item":"https:\/\/www.leseditionsvolney.fr\/"},{"@type":"ListItem","position":2,"name":"Collection","item":"https:\/\/www.leseditionsvolney.fr\/?page_id=24925"},{"@type":"ListItem","position":3,"name":"Publications en pr\u00e9paration 2027"}]},{"@type":"WebSite","@id":"https:\/\/www.leseditionsvolney.fr\/#website","url":"https:\/\/www.leseditionsvolney.fr\/","name":"Les \u00e9ditions Volney","description":"Les beaux livres &quot;cousu-main&quot; qui font du bien","publisher":{"@id":"https:\/\/www.leseditionsvolney.fr\/#organization"},"potentialAction":[{"@type":"SearchAction","target":{"@type":"EntryPoint","urlTemplate":"https:\/\/www.leseditionsvolney.fr\/?s={search_term_string}"},"query-input":{"@type":"PropertyValueSpecification","valueRequired":true,"valueName":"search_term_string"}}],"inLanguage":"fr-FR"},{"@type":"Organization","@id":"https:\/\/www.leseditionsvolney.fr\/#organization","name":"Les \u00e9ditions Volney","url":"https:\/\/www.leseditionsvolney.fr\/","logo":{"@type":"ImageObject","inLanguage":"fr-FR","@id":"https:\/\/www.leseditionsvolney.fr\/#\/schema\/logo\/image\/","url":"https:\/\/www.leseditionsvolney.fr\/wp-content\/uploads\/2025\/05\/logo_250x250.png","contentUrl":"https:\/\/www.leseditionsvolney.fr\/wp-content\/uploads\/2025\/05\/logo_250x250.png","width":250,"height":250,"caption":"Les \u00e9ditions Volney"},"image":{"@id":"https:\/\/www.leseditionsvolney.fr\/#\/schema\/logo\/image\/"},"sameAs":["https:\/\/www.facebook.com\/share\/g\/12Jf5cBcG2y\/"]}]}},"_links":{"self":[{"href":"https:\/\/www.leseditionsvolney.fr\/index.php?rest_route=\/wp\/v2\/product\/25284","targetHints":{"allow":["GET"]}}],"collection":[{"href":"https:\/\/www.leseditionsvolney.fr\/index.php?rest_route=\/wp\/v2\/product"}],"about":[{"href":"https:\/\/www.leseditionsvolney.fr\/index.php?rest_route=\/wp\/v2\/types\/product"}],"replies":[{"embeddable":true,"href":"https:\/\/www.leseditionsvolney.fr\/index.php?rest_route=%2Fwp%2Fv2%2Fcomments&post=25284"}],"wp:featuredmedia":[{"embeddable":true,"href":"https:\/\/www.leseditionsvolney.fr\/index.php?rest_route=\/wp\/v2\/media\/25285"}],"wp:attachment":[{"href":"https:\/\/www.leseditionsvolney.fr\/index.php?rest_route=%2Fwp%2Fv2%2Fmedia&parent=25284"}],"wp:term":[{"taxonomy":"product_brand","embeddable":true,"href":"https:\/\/www.leseditionsvolney.fr\/index.php?rest_route=%2Fwp%2Fv2%2Fproduct_brand&post=25284"},{"taxonomy":"product_cat","embeddable":true,"href":"https:\/\/www.leseditionsvolney.fr\/index.php?rest_route=%2Fwp%2Fv2%2Fproduct_cat&post=25284"},{"taxonomy":"product_tag","embeddable":true,"href":"https:\/\/www.leseditionsvolney.fr\/index.php?rest_route=%2Fwp%2Fv2%2Fproduct_tag&post=25284"}],"curies":[{"name":"wp","href":"https:\/\/api.w.org\/{rel}","templated":true}]}}